{"id":5638,"date":"2022-10-07T16:59:56","date_gmt":"2022-10-07T16:59:56","guid":{"rendered":"http:\/\/farnesvallors.com\/?page_id=5638"},"modified":"2022-10-24T15:25:23","modified_gmt":"2022-10-24T15:25:23","slug":"sobrassada-extra","status":"publish","type":"page","link":"http:\/\/farnesvallors.com\/es\/sobrassada-extra\/","title":{"rendered":"SOBRASSADA EXTRA"},"content":{"rendered":"\t\t<div data-elementor-type=\"wp-page\" data-elementor-id=\"5638\" class=\"elementor elementor-5638\">\n\t\t\t\t\t\t\t\t\t<section class=\"elementor-section elementor-top-section elementor-element elementor-element-abb5d02 elementor-section-boxed elementor-section-height-default elementor-section-height-default\" data-id=\"abb5d02\" data-element_type=\"section\">\n\t\t\t\t\t\t<div class=\"elementor-container elementor-column-gap-default\">\n\t\t\t\t\t<div class=\"elementor-column elementor-col-100 elementor-top-column elementor-element elementor-element-790dd12\" data-id=\"790dd12\" data-element_type=\"column\">\n\t\t\t<div class=\"elementor-widget-wrap elementor-element-populated\">\n\t\t\t\t\t\t\t\t<div class=\"elementor-element elementor-element-cdb5280 animated-slow elementor-invisible elementor-widget elementor-widget-heading\" data-id=\"cdb5280\" data-element_type=\"widget\" data-settings=\"{&quot;_animation&quot;:&quot;fadeInDown&quot;}\" data-widget_type=\"heading.default\">\n\t\t\t\t<div class=\"elementor-widget-container\">\n\t\t\t<h1 class=\"elementor-heading-title elementor-size-xxl\">SOBRASSADA EXTRA FARN\u00c9S VALLORS<\/h1>\t\t<\/div>\n\t\t\t\t<\/div>\n\t\t\t\t\t<\/div>\n\t\t<\/div>\n\t\t\t\t\t\t\t<\/div>\n\t\t<\/section>\n\t\t\t\t<section class=\"elementor-section elementor-top-section elementor-element elementor-element-8b78a1c elementor-section-full_width elementor-section-stretched elementor-section-height-default elementor-section-height-default\" data-id=\"8b78a1c\" data-element_type=\"section\" data-settings=\"{&quot;stretch_section&quot;:&quot;section-stretched&quot;}\">\n\t\t\t\t\t\t<div class=\"elementor-container elementor-column-gap-default\">\n\t\t\t\t\t\t\t\t<\/div>\n\t\t<\/section>\n\t\t\t\t<section class=\"elementor-section elementor-top-section elementor-element elementor-element-b424e53 elementor-section-boxed elementor-section-height-default elementor-section-height-default\" data-id=\"b424e53\" data-element_type=\"section\">\n\t\t\t\t\t\t<div class=\"elementor-container elementor-column-gap-default\">\n\t\t\t\t\t\t\t\t<\/div>\n\t\t<\/section>\n\t\t\t\t<section class=\"elementor-section elementor-top-section elementor-element elementor-element-444d6fe elementor-section-boxed elementor-section-height-default elementor-section-height-default\" data-id=\"444d6fe\" data-element_type=\"section\">\n\t\t\t\t\t\t<div class=\"elementor-container elementor-column-gap-default\">\n\t\t\t\t\t\t\t\t<\/div>\n\t\t<\/section>\n\t\t\t\t<section class=\"elementor-section elementor-top-section elementor-element elementor-element-64fc54c elementor-section-full_width elementor-section-stretched elementor-section-height-default elementor-section-height-default\" data-id=\"64fc54c\" data-element_type=\"section\" data-settings=\"{&quot;stretch_section&quot;:&quot;section-stretched&quot;}\">\n\t\t\t\t\t\t<div class=\"elementor-container elementor-column-gap-default\">\n\t\t\t\t\t<div class=\"elementor-column elementor-col-100 elementor-top-column elementor-element elementor-element-f3f9e1f\" data-id=\"f3f9e1f\" data-element_type=\"column\">\n\t\t\t<div class=\"elementor-widget-wrap elementor-element-populated\">\n\t\t\t\t\t\t\t\t<div class=\"elementor-element elementor-element-7279477 elementor-invisible elementor-widget elementor-widget-image\" data-id=\"7279477\" data-element_type=\"widget\" data-settings=\"{&quot;_animation&quot;:&quot;fadeInRight&quot;}\" data-widget_type=\"image.default\">\n\t\t\t\t<div class=\"elementor-widget-container\">\n\t\t\t\t\t\t\t\t\t\t\t\t\t\t\t<img width=\"1600\" height=\"577\" src=\"http:\/\/farnesvallors.com\/wp-content\/uploads\/2022\/09\/FARNES-VALLORS-SOBRESSADA-EXTRA-1600px.jpg\" class=\"attachment-full size-full\" alt=\"\" loading=\"lazy\" srcset=\"http:\/\/farnesvallors.com\/wp-content\/uploads\/2022\/09\/FARNES-VALLORS-SOBRESSADA-EXTRA-1600px.jpg 1600w, http:\/\/farnesvallors.com\/wp-content\/uploads\/2022\/09\/FARNES-VALLORS-SOBRESSADA-EXTRA-1600px-300x108.jpg 300w, http:\/\/farnesvallors.com\/wp-content\/uploads\/2022\/09\/FARNES-VALLORS-SOBRESSADA-EXTRA-1600px-1024x369.jpg 1024w, http:\/\/farnesvallors.com\/wp-content\/uploads\/2022\/09\/FARNES-VALLORS-SOBRESSADA-EXTRA-1600px-768x277.jpg 768w, http:\/\/farnesvallors.com\/wp-content\/uploads\/2022\/09\/FARNES-VALLORS-SOBRESSADA-EXTRA-1600px-1536x554.jpg 1536w\" sizes=\"(max-width: 1600px) 100vw, 1600px\" \/>\t\t\t\t\t\t\t\t\t\t\t\t\t\t\t<\/div>\n\t\t\t\t<\/div>\n\t\t\t\t\t<\/div>\n\t\t<\/div>\n\t\t\t\t\t\t\t<\/div>\n\t\t<\/section>\n\t\t\t\t<section class=\"elementor-section elementor-top-section elementor-element elementor-element-bb1440b elementor-section-boxed elementor-section-height-default elementor-section-height-default\" data-id=\"bb1440b\" data-element_type=\"section\">\n\t\t\t\t\t\t<div class=\"elementor-container elementor-column-gap-default\">\n\t\t\t\t\t<div class=\"elementor-column elementor-col-50 elementor-top-column elementor-element elementor-element-87faec4\" data-id=\"87faec4\" data-element_type=\"column\">\n\t\t\t<div class=\"elementor-widget-wrap elementor-element-populated\">\n\t\t\t\t\t\t\t\t<div class=\"elementor-element elementor-element-4154317 elementor-widget elementor-widget-heading\" data-id=\"4154317\" data-element_type=\"widget\" data-widget_type=\"heading.default\">\n\t\t\t\t<div class=\"elementor-widget-container\">\n\t\t\t<h2 class=\"elementor-heading-title elementor-size-default\">\nINGREDIENTES\n<\/h2>\t\t<\/div>\n\t\t\t\t<\/div>\n\t\t\t\t<div class=\"elementor-element elementor-element-022925a elementor-widget elementor-widget-text-editor\" data-id=\"022925a\" data-element_type=\"widget\" data-widget_type=\"text-editor.default\">\n\t\t\t\t<div class=\"elementor-widget-container\">\n\t\t\t\t\t\t\t<p>Panceta, papada y tocino de cerdo, piment\u00f3n, sal, lactato pot\u00e1sico, vino, aceite de oliva y az\u00facar, especias y tripa natural.<\/p>\t\t\t\t\t\t<\/div>\n\t\t\t\t<\/div>\n\t\t\t\t<div class=\"elementor-element elementor-element-0f25f4f elementor-widget elementor-widget-heading\" data-id=\"0f25f4f\" data-element_type=\"widget\" data-widget_type=\"heading.default\">\n\t\t\t\t<div class=\"elementor-widget-container\">\n\t\t\t<h2 class=\"elementor-heading-title elementor-size-default\">\nPRODUCTOS ELABORADOS CON:\n<\/h2>\t\t<\/div>\n\t\t\t\t<\/div>\n\t\t\t\t<div class=\"elementor-element elementor-element-d8c6479 elementor-widget elementor-widget-text-editor\" data-id=\"d8c6479\" data-element_type=\"widget\" data-widget_type=\"text-editor.default\">\n\t\t\t\t<div class=\"elementor-widget-container\">\n\t\t\t\t\t\t\t<p>CARNES DE CERDO DE M\u00c1XIMA CALIDAD<\/p><p>CON UN 52% DE CERDO RAZA DUROC<\/p><p>Y SAZONADO CON ESPECIAS DE ORIGEN<\/p>\t\t\t\t\t\t<\/div>\n\t\t\t\t<\/div>\n\t\t\t\t\t<\/div>\n\t\t<\/div>\n\t\t\t\t<div class=\"elementor-column elementor-col-50 elementor-top-column elementor-element elementor-element-c8e4efa\" data-id=\"c8e4efa\" data-element_type=\"column\">\n\t\t\t<div class=\"elementor-widget-wrap elementor-element-populated\">\n\t\t\t\t\t\t\t\t<div class=\"elementor-element elementor-element-de5399f elementor-widget elementor-widget-heading\" data-id=\"de5399f\" data-element_type=\"widget\" data-widget_type=\"heading.default\">\n\t\t\t\t<div class=\"elementor-widget-container\">\n\t\t\t<h2 class=\"elementor-heading-title elementor-size-default\">\nCONSIDERACIONES\n<\/h2>\t\t<\/div>\n\t\t\t\t<\/div>\n\t\t\t\t<div class=\"elementor-element elementor-element-d621498 elementor-widget elementor-widget-text-editor\" data-id=\"d621498\" data-element_type=\"widget\" data-widget_type=\"text-editor.default\">\n\t\t\t\t<div class=\"elementor-widget-container\">\n\t\t\t\t\t\t\t<p>Producto de un gramaje medio de 275 gr.<\/p><p>Tambi\u00e9n podemos realizar diferentes gramajes seg\u00fan demanda.<\/p><p>Producto sometido a desecaci\u00f3n, muy importante conservarlo en lugar fresco y seco.<\/p><p><\/span><\/p>\t\t\t\t\t\t<\/div>\n\t\t\t\t<\/div>\n\t\t\t\t\t<\/div>\n\t\t<\/div>\n\t\t\t\t\t\t\t<\/div>\n\t\t<\/section>\n\t\t\t\t<section class=\"elementor-section elementor-top-section elementor-element elementor-element-193ba41 elementor-section-boxed elementor-section-height-default elementor-section-height-default\" data-id=\"193ba41\" data-element_type=\"section\">\n\t\t\t\t\t\t<div class=\"elementor-container elementor-column-gap-default\">\n\t\t\t\t\t<div class=\"elementor-column elementor-col-100 elementor-top-column elementor-element elementor-element-02627c3\" data-id=\"02627c3\" data-element_type=\"column\">\n\t\t\t<div class=\"elementor-widget-wrap elementor-element-populated\">\n\t\t\t\t\t\t\t\t<div class=\"elementor-element elementor-element-3c0862e elementor-widget elementor-widget-text-editor\" data-id=\"3c0862e\" data-element_type=\"widget\" data-widget_type=\"text-editor.default\">\n\t\t\t\t<div class=\"elementor-widget-container\">\n\t\t\t\t\t\t\t<p><img loading=\"lazy\" class=\"aligncenter wp-image-5577 size-full\" src=\"http:\/\/farnesvallors.com\/wp-content\/uploads\/2022\/10\/Farnes-vallors-vector-sense-allergens-web-es.jpg\" alt=\"productos sin al\u00e9rgenos Farn\u00e9s Vallors\" width=\"1606\" height=\"475\" srcset=\"http:\/\/farnesvallors.com\/wp-content\/uploads\/2022\/10\/Farnes-vallors-vector-sense-allergens-web-es.jpg 1606w, http:\/\/farnesvallors.com\/wp-content\/uploads\/2022\/10\/Farnes-vallors-vector-sense-allergens-web-es-300x89.jpg 300w, http:\/\/farnesvallors.com\/wp-content\/uploads\/2022\/10\/Farnes-vallors-vector-sense-allergens-web-es-1024x303.jpg 1024w, http:\/\/farnesvallors.com\/wp-content\/uploads\/2022\/10\/Farnes-vallors-vector-sense-allergens-web-es-768x227.jpg 768w, http:\/\/farnesvallors.com\/wp-content\/uploads\/2022\/10\/Farnes-vallors-vector-sense-allergens-web-es-1536x454.jpg 1536w\" sizes=\"(max-width: 1606px) 100vw, 1606px\" \/><\/p><p><\/p>\t\t\t\t\t\t<\/div>\n\t\t\t\t<\/div>\n\t\t\t\t\t<\/div>\n\t\t<\/div>\n\t\t\t\t\t\t\t<\/div>\n\t\t<\/section>\n\t\t\t\t<section class=\"elementor-section elementor-top-section elementor-element elementor-element-a347e8c elementor-section-boxed elementor-section-height-default elementor-section-height-default\" data-id=\"a347e8c\" data-element_type=\"section\">\n\t\t\t\t\t\t<div class=\"elementor-container elementor-column-gap-default\">\n\t\t\t\t\t<div class=\"elementor-column elementor-col-100 elementor-top-column elementor-element elementor-element-b1de4b1\" data-id=\"b1de4b1\" data-element_type=\"column\">\n\t\t\t<div class=\"elementor-widget-wrap elementor-element-populated\">\n\t\t\t\t\t\t\t\t<div class=\"elementor-element elementor-element-02db31d elementor-widget elementor-widget-spacer\" data-id=\"02db31d\" data-element_type=\"widget\" data-widget_type=\"spacer.default\">\n\t\t\t\t<div class=\"elementor-widget-container\">\n\t\t\t\t\t<div class=\"elementor-spacer\">\n\t\t\t<div class=\"elementor-spacer-inner\"><\/div>\n\t\t<\/div>\n\t\t\t\t<\/div>\n\t\t\t\t<\/div>\n\t\t\t\t<div class=\"elementor-element elementor-element-eaf934e animated-slow elementor-invisible elementor-widget elementor-widget-heading\" data-id=\"eaf934e\" data-element_type=\"widget\" data-settings=\"{&quot;_animation&quot;:&quot;fadeInDown&quot;}\" data-widget_type=\"heading.default\">\n\t\t\t\t<div class=\"elementor-widget-container\">\n\t\t\t<h1 class=\"elementor-heading-title elementor-size-default\">OTROS PRODUCTOS<\/h1>\t\t<\/div>\n\t\t\t\t<\/div>\n\t\t\t\t<div class=\"elementor-element elementor-element-b57f1d1 elementor-widget elementor-widget-spacer\" data-id=\"b57f1d1\" data-element_type=\"widget\" data-widget_type=\"spacer.default\">\n\t\t\t\t<div class=\"elementor-widget-container\">\n\t\t\t\t\t<div class=\"elementor-spacer\">\n\t\t\t<div class=\"elementor-spacer-inner\"><\/div>\n\t\t<\/div>\n\t\t\t\t<\/div>\n\t\t\t\t<\/div>\n\t\t\t\t\t<\/div>\n\t\t<\/div>\n\t\t\t\t\t\t\t<\/div>\n\t\t<\/section>\n\t\t\t\t<section class=\"elementor-section elementor-top-section elementor-element elementor-element-804c620 elementor-section-stretched elementor-section-boxed elementor-section-height-default elementor-section-height-default\" data-id=\"804c620\" data-element_type=\"section\" data-settings=\"{&quot;stretch_section&quot;:&quot;section-stretched&quot;}\">\n\t\t\t\t\t\t<div class=\"elementor-container elementor-column-gap-default\">\n\t\t\t\t\t<div class=\"elementor-column elementor-col-25 elementor-top-column elementor-element elementor-element-4abddd0\" data-id=\"4abddd0\" data-element_type=\"column\">\n\t\t\t<div class=\"elementor-widget-wrap elementor-element-populated\">\n\t\t\t\t\t\t\t\t<div class=\"elementor-element elementor-element-84f13c8 elementor-widget elementor-widget-image\" data-id=\"84f13c8\" data-element_type=\"widget\" data-widget_type=\"image.default\">\n\t\t\t\t<div class=\"elementor-widget-container\">\n\t\t\t\t\t\t\t\t\t\t\t\t\t\t\t\t<a href=\"http:\/\/farnesvallors.com\/fuet-extra\/\">\n\t\t\t\t\t\t\t<img width=\"800\" height=\"800\" src=\"http:\/\/farnesvallors.com\/wp-content\/uploads\/2022\/10\/BOTO-LOGO-FUET-EXTRA-FARNES-VALLORS-800px.jpg\" class=\"attachment-large size-large\" alt=\"\" loading=\"lazy\" srcset=\"http:\/\/farnesvallors.com\/wp-content\/uploads\/2022\/10\/BOTO-LOGO-FUET-EXTRA-FARNES-VALLORS-800px.jpg 800w, http:\/\/farnesvallors.com\/wp-content\/uploads\/2022\/10\/BOTO-LOGO-FUET-EXTRA-FARNES-VALLORS-800px-300x300.jpg 300w, http:\/\/farnesvallors.com\/wp-content\/uploads\/2022\/10\/BOTO-LOGO-FUET-EXTRA-FARNES-VALLORS-800px-150x150.jpg 150w, http:\/\/farnesvallors.com\/wp-content\/uploads\/2022\/10\/BOTO-LOGO-FUET-EXTRA-FARNES-VALLORS-800px-768x768.jpg 768w\" sizes=\"(max-width: 800px) 100vw, 800px\" \/>\t\t\t\t\t\t\t\t<\/a>\n\t\t\t\t\t\t\t\t\t\t\t\t\t\t\t<\/div>\n\t\t\t\t<\/div>\n\t\t\t\t\t<\/div>\n\t\t<\/div>\n\t\t\t\t<div class=\"elementor-column elementor-col-25 elementor-top-column elementor-element elementor-element-8fbd820\" data-id=\"8fbd820\" data-element_type=\"column\">\n\t\t\t<div class=\"elementor-widget-wrap elementor-element-populated\">\n\t\t\t\t\t\t\t\t<div class=\"elementor-element elementor-element-37817f7 elementor-widget elementor-widget-image\" data-id=\"37817f7\" data-element_type=\"widget\" data-widget_type=\"image.default\">\n\t\t\t\t<div class=\"elementor-widget-container\">\n\t\t\t\t\t\t\t\t\t\t\t\t\t\t\t\t<a href=\"http:\/\/farnesvallors.com\/llonganissa-extra-de-pages\/\">\n\t\t\t\t\t\t\t<img width=\"800\" height=\"800\" src=\"http:\/\/farnesvallors.com\/wp-content\/uploads\/2022\/10\/BOTO-LOGO-LLONGANISSA-EXTRA-PAGES-FARNES-VALLORS-800px.jpg\" class=\"attachment-large size-large\" alt=\"\" loading=\"lazy\" srcset=\"http:\/\/farnesvallors.com\/wp-content\/uploads\/2022\/10\/BOTO-LOGO-LLONGANISSA-EXTRA-PAGES-FARNES-VALLORS-800px.jpg 800w, http:\/\/farnesvallors.com\/wp-content\/uploads\/2022\/10\/BOTO-LOGO-LLONGANISSA-EXTRA-PAGES-FARNES-VALLORS-800px-300x300.jpg 300w, http:\/\/farnesvallors.com\/wp-content\/uploads\/2022\/10\/BOTO-LOGO-LLONGANISSA-EXTRA-PAGES-FARNES-VALLORS-800px-150x150.jpg 150w, http:\/\/farnesvallors.com\/wp-content\/uploads\/2022\/10\/BOTO-LOGO-LLONGANISSA-EXTRA-PAGES-FARNES-VALLORS-800px-768x768.jpg 768w\" sizes=\"(max-width: 800px) 100vw, 800px\" \/>\t\t\t\t\t\t\t\t<\/a>\n\t\t\t\t\t\t\t\t\t\t\t\t\t\t\t<\/div>\n\t\t\t\t<\/div>\n\t\t\t\t\t<\/div>\n\t\t<\/div>\n\t\t\t\t<div class=\"elementor-column elementor-col-25 elementor-top-column elementor-element elementor-element-2c322e3\" data-id=\"2c322e3\" data-element_type=\"column\">\n\t\t\t<div class=\"elementor-widget-wrap elementor-element-populated\">\n\t\t\t\t\t\t\t\t<div class=\"elementor-element elementor-element-16975e9 elementor-widget elementor-widget-image\" data-id=\"16975e9\" data-element_type=\"widget\" data-widget_type=\"image.default\">\n\t\t\t\t<div class=\"elementor-widget-container\">\n\t\t\t\t\t\t\t\t\t\t\t\t\t\t\t\t<a href=\"http:\/\/farnesvallors.com\/bastonet\/\">\n\t\t\t\t\t\t\t<img width=\"800\" height=\"800\" src=\"http:\/\/farnesvallors.com\/wp-content\/uploads\/2022\/10\/BOTO-LOGO-BASTONET-EXTRA-FARNES-VALLORS-800px.jpg\" class=\"attachment-large size-large\" alt=\"\" loading=\"lazy\" srcset=\"http:\/\/farnesvallors.com\/wp-content\/uploads\/2022\/10\/BOTO-LOGO-BASTONET-EXTRA-FARNES-VALLORS-800px.jpg 800w, http:\/\/farnesvallors.com\/wp-content\/uploads\/2022\/10\/BOTO-LOGO-BASTONET-EXTRA-FARNES-VALLORS-800px-300x300.jpg 300w, http:\/\/farnesvallors.com\/wp-content\/uploads\/2022\/10\/BOTO-LOGO-BASTONET-EXTRA-FARNES-VALLORS-800px-150x150.jpg 150w, http:\/\/farnesvallors.com\/wp-content\/uploads\/2022\/10\/BOTO-LOGO-BASTONET-EXTRA-FARNES-VALLORS-800px-768x768.jpg 768w\" sizes=\"(max-width: 800px) 100vw, 800px\" \/>\t\t\t\t\t\t\t\t<\/a>\n\t\t\t\t\t\t\t\t\t\t\t\t\t\t\t<\/div>\n\t\t\t\t<\/div>\n\t\t\t\t\t<\/div>\n\t\t<\/div>\n\t\t\t\t<div class=\"elementor-column elementor-col-25 elementor-top-column elementor-element elementor-element-0e8140b\" data-id=\"0e8140b\" data-element_type=\"column\">\n\t\t\t<div class=\"elementor-widget-wrap elementor-element-populated\">\n\t\t\t\t\t\t\t\t<div class=\"elementor-element elementor-element-4067579 elementor-widget elementor-widget-image\" data-id=\"4067579\" data-element_type=\"widget\" data-widget_type=\"image.default\">\n\t\t\t\t<div class=\"elementor-widget-container\">\n\t\t\t\t\t\t\t\t\t\t\t\t\t\t\t\t<a href=\"http:\/\/farnesvallors.com\/sobrassada-extra-picant\/\">\n\t\t\t\t\t\t\t<img width=\"800\" height=\"800\" src=\"http:\/\/farnesvallors.com\/wp-content\/uploads\/2022\/10\/BOTO-LOGO-SOBRASSADA-EXTRA-PICANT-2-FARNES-VALLORS-800px.jpg\" class=\"attachment-large size-large\" alt=\"\" loading=\"lazy\" srcset=\"http:\/\/farnesvallors.com\/wp-content\/uploads\/2022\/10\/BOTO-LOGO-SOBRASSADA-EXTRA-PICANT-2-FARNES-VALLORS-800px.jpg 800w, http:\/\/farnesvallors.com\/wp-content\/uploads\/2022\/10\/BOTO-LOGO-SOBRASSADA-EXTRA-PICANT-2-FARNES-VALLORS-800px-300x300.jpg 300w, http:\/\/farnesvallors.com\/wp-content\/uploads\/2022\/10\/BOTO-LOGO-SOBRASSADA-EXTRA-PICANT-2-FARNES-VALLORS-800px-150x150.jpg 150w, http:\/\/farnesvallors.com\/wp-content\/uploads\/2022\/10\/BOTO-LOGO-SOBRASSADA-EXTRA-PICANT-2-FARNES-VALLORS-800px-768x768.jpg 768w\" sizes=\"(max-width: 800px) 100vw, 800px\" \/>\t\t\t\t\t\t\t\t<\/a>\n\t\t\t\t\t\t\t\t\t\t\t\t\t\t\t<\/div>\n\t\t\t\t<\/div>\n\t\t\t\t\t<\/div>\n\t\t<\/div>\n\t\t\t\t\t\t\t<\/div>\n\t\t<\/section>\n\t\t\t\t<section class=\"elementor-section elementor-top-section elementor-element elementor-element-1edfea0 elementor-section-stretched elementor-section-boxed elementor-section-height-default elementor-section-height-default\" data-id=\"1edfea0\" data-element_type=\"section\" data-settings=\"{&quot;stretch_section&quot;:&quot;section-stretched&quot;}\">\n\t\t\t\t\t\t<div class=\"elementor-container elementor-column-gap-default\">\n\t\t\t\t\t<div class=\"elementor-column elementor-col-25 elementor-top-column elementor-element elementor-element-f033446\" data-id=\"f033446\" data-element_type=\"column\">\n\t\t\t<div class=\"elementor-widget-wrap elementor-element-populated\">\n\t\t\t\t\t\t\t\t<div class=\"elementor-element elementor-element-ab068d5 elementor-widget elementor-widget-image\" data-id=\"ab068d5\" data-element_type=\"widget\" data-widget_type=\"image.default\">\n\t\t\t\t<div class=\"elementor-widget-container\">\n\t\t\t\t\t\t\t\t\t\t\t\t\t\t\t\t<a href=\"http:\/\/farnesvallors.com\/xoric-extra\/\">\n\t\t\t\t\t\t\t<img width=\"800\" height=\"800\" src=\"http:\/\/farnesvallors.com\/wp-content\/uploads\/2022\/10\/BOTO-LOGO-XORIC-EXTRA-2-FARNES-VALLORS-800px.jpg\" class=\"attachment-large size-large\" alt=\"\" loading=\"lazy\" srcset=\"http:\/\/farnesvallors.com\/wp-content\/uploads\/2022\/10\/BOTO-LOGO-XORIC-EXTRA-2-FARNES-VALLORS-800px.jpg 800w, http:\/\/farnesvallors.com\/wp-content\/uploads\/2022\/10\/BOTO-LOGO-XORIC-EXTRA-2-FARNES-VALLORS-800px-300x300.jpg 300w, http:\/\/farnesvallors.com\/wp-content\/uploads\/2022\/10\/BOTO-LOGO-XORIC-EXTRA-2-FARNES-VALLORS-800px-150x150.jpg 150w, http:\/\/farnesvallors.com\/wp-content\/uploads\/2022\/10\/BOTO-LOGO-XORIC-EXTRA-2-FARNES-VALLORS-800px-768x768.jpg 768w\" sizes=\"(max-width: 800px) 100vw, 800px\" \/>\t\t\t\t\t\t\t\t<\/a>\n\t\t\t\t\t\t\t\t\t\t\t\t\t\t\t<\/div>\n\t\t\t\t<\/div>\n\t\t\t\t\t<\/div>\n\t\t<\/div>\n\t\t\t\t<div class=\"elementor-column elementor-col-25 elementor-top-column elementor-element elementor-element-9cf4cf8\" data-id=\"9cf4cf8\" data-element_type=\"column\">\n\t\t\t<div class=\"elementor-widget-wrap elementor-element-populated\">\n\t\t\t\t\t\t\t\t<div class=\"elementor-element elementor-element-f5bd498 elementor-widget elementor-widget-image\" data-id=\"f5bd498\" data-element_type=\"widget\" data-widget_type=\"image.default\">\n\t\t\t\t<div class=\"elementor-widget-container\">\n\t\t\t\t\t\t\t\t\t\t\t\t\t\t\t\t<a href=\"http:\/\/farnesvallors.com\/xoric-extra-picant\/\">\n\t\t\t\t\t\t\t<img width=\"800\" height=\"800\" src=\"http:\/\/farnesvallors.com\/wp-content\/uploads\/2022\/10\/BOTO-LOGO-XORIC-EXTRA-PICANT-2-FARNES-VALLORS-800px.jpg\" class=\"attachment-large size-large\" alt=\"\" loading=\"lazy\" srcset=\"http:\/\/farnesvallors.com\/wp-content\/uploads\/2022\/10\/BOTO-LOGO-XORIC-EXTRA-PICANT-2-FARNES-VALLORS-800px.jpg 800w, http:\/\/farnesvallors.com\/wp-content\/uploads\/2022\/10\/BOTO-LOGO-XORIC-EXTRA-PICANT-2-FARNES-VALLORS-800px-300x300.jpg 300w, http:\/\/farnesvallors.com\/wp-content\/uploads\/2022\/10\/BOTO-LOGO-XORIC-EXTRA-PICANT-2-FARNES-VALLORS-800px-150x150.jpg 150w, http:\/\/farnesvallors.com\/wp-content\/uploads\/2022\/10\/BOTO-LOGO-XORIC-EXTRA-PICANT-2-FARNES-VALLORS-800px-768x768.jpg 768w\" sizes=\"(max-width: 800px) 100vw, 800px\" \/>\t\t\t\t\t\t\t\t<\/a>\n\t\t\t\t\t\t\t\t\t\t\t\t\t\t\t<\/div>\n\t\t\t\t<\/div>\n\t\t\t\t\t<\/div>\n\t\t<\/div>\n\t\t\t\t<div class=\"elementor-column elementor-col-25 elementor-top-column elementor-element elementor-element-2a30448\" data-id=\"2a30448\" data-element_type=\"column\">\n\t\t\t<div class=\"elementor-widget-wrap elementor-element-populated\">\n\t\t\t\t\t\t\t\t<div class=\"elementor-element elementor-element-71123f5 elementor-widget elementor-widget-image\" data-id=\"71123f5\" data-element_type=\"widget\" data-widget_type=\"image.default\">\n\t\t\t\t<div class=\"elementor-widget-container\">\n\t\t\t\t\t\t\t\t\t\t\t\t\t\t\t\t<a href=\"http:\/\/farnesvallors.com\/xoric-extra-cular\/\">\n\t\t\t\t\t\t\t<img width=\"800\" height=\"800\" src=\"http:\/\/farnesvallors.com\/wp-content\/uploads\/2022\/10\/BOTO-LOGO-XORIC-CULAR-3-FARNES-VALLORS-800px.jpg\" class=\"attachment-large size-large\" alt=\"\" loading=\"lazy\" srcset=\"http:\/\/farnesvallors.com\/wp-content\/uploads\/2022\/10\/BOTO-LOGO-XORIC-CULAR-3-FARNES-VALLORS-800px.jpg 800w, http:\/\/farnesvallors.com\/wp-content\/uploads\/2022\/10\/BOTO-LOGO-XORIC-CULAR-3-FARNES-VALLORS-800px-300x300.jpg 300w, http:\/\/farnesvallors.com\/wp-content\/uploads\/2022\/10\/BOTO-LOGO-XORIC-CULAR-3-FARNES-VALLORS-800px-150x150.jpg 150w, http:\/\/farnesvallors.com\/wp-content\/uploads\/2022\/10\/BOTO-LOGO-XORIC-CULAR-3-FARNES-VALLORS-800px-768x768.jpg 768w\" sizes=\"(max-width: 800px) 100vw, 800px\" \/>\t\t\t\t\t\t\t\t<\/a>\n\t\t\t\t\t\t\t\t\t\t\t\t\t\t\t<\/div>\n\t\t\t\t<\/div>\n\t\t\t\t\t<\/div>\n\t\t<\/div>\n\t\t\t\t<div class=\"elementor-column elementor-col-25 elementor-top-column elementor-element elementor-element-2327107\" data-id=\"2327107\" data-element_type=\"column\">\n\t\t\t<div class=\"elementor-widget-wrap elementor-element-populated\">\n\t\t\t\t\t\t\t\t\t<\/div>\n\t\t<\/div>\n\t\t\t\t\t\t\t<\/div>\n\t\t<\/section>\n\t\t\t\t<section class=\"elementor-section elementor-top-section elementor-element elementor-element-42fb412 elementor-section-boxed elementor-section-height-default elementor-section-height-default\" data-id=\"42fb412\" data-element_type=\"section\">\n\t\t\t\t\t\t<div class=\"elementor-container elementor-column-gap-default\">\n\t\t\t\t\t<div class=\"elementor-column elementor-col-100 elementor-top-column elementor-element elementor-element-05b20d2\" data-id=\"05b20d2\" data-element_type=\"column\">\n\t\t\t<div class=\"elementor-widget-wrap elementor-element-populated\">\n\t\t\t\t\t\t\t\t<div class=\"elementor-element elementor-element-2c64c80 elementor-widget elementor-widget-spacer\" data-id=\"2c64c80\" data-element_type=\"widget\" data-widget_type=\"spacer.default\">\n\t\t\t\t<div class=\"elementor-widget-container\">\n\t\t\t\t\t<div class=\"elementor-spacer\">\n\t\t\t<div class=\"elementor-spacer-inner\"><\/div>\n\t\t<\/div>\n\t\t\t\t<\/div>\n\t\t\t\t<\/div>\n\t\t\t\t\t<\/div>\n\t\t<\/div>\n\t\t\t\t\t\t\t<\/div>\n\t\t<\/section>\n\t\t\t\t\t\t\t<\/div>\n\t\t","protected":false},"excerpt":{"rendered":"<p>SOBRASSADA EXTRA FARN\u00c9S VALLORS INGREDIENTES Panceta, papada y tocino de cerdo, piment\u00f3n, sal, lactato pot\u00e1sico, vino, aceite de oliva y az\u00facar, especias y tripa natural. PRODUCTOS ELABORADOS CON: CARNES DE CERDO DE M\u00c1XIMA CALIDAD CON UN 52% DE CERDO RAZA DUROC Y SAZONADO CON ESPECIAS DE ORIGEN CONSIDERACIONES Producto de un gramaje medio de 275<br \/><a class=\"moretag\" href=\"http:\/\/farnesvallors.com\/es\/sobrassada-extra\/\">+ Read More<\/a><\/p>\n","protected":false},"author":1,"featured_media":0,"parent":0,"menu_order":0,"comment_status":"closed","ping_status":"closed","template":"templates\/page-fullwidth_template.php","meta":[],"_links":{"self":[{"href":"http:\/\/farnesvallors.com\/es\/wp-json\/wp\/v2\/pages\/5638"}],"collection":[{"href":"http:\/\/farnesvallors.com\/es\/wp-json\/wp\/v2\/pages"}],"about":[{"href":"http:\/\/farnesvallors.com\/es\/wp-json\/wp\/v2\/types\/page"}],"author":[{"embeddable":true,"href":"http:\/\/farnesvallors.com\/es\/wp-json\/wp\/v2\/users\/1"}],"replies":[{"embeddable":true,"href":"http:\/\/farnesvallors.com\/es\/wp-json\/wp\/v2\/comments?post=5638"}],"version-history":[{"count":64,"href":"http:\/\/farnesvallors.com\/es\/wp-json\/wp\/v2\/pages\/5638\/revisions"}],"predecessor-version":[{"id":6327,"href":"http:\/\/farnesvallors.com\/es\/wp-json\/wp\/v2\/pages\/5638\/revisions\/6327"}],"wp:attachment":[{"href":"http:\/\/farnesvallors.com\/es\/wp-json\/wp\/v2\/media?parent=5638"}],"curies":[{"name":"wp","href":"https:\/\/api.w.org\/{rel}","templated":true}]}}